{"id":3889,"date":"2014-02-08T16:23:53","date_gmt":"2014-02-08T16:23:53","guid":{"rendered":"http:\/\/amepiacecosi.altervista.org\/?page_id=3889"},"modified":"2020-04-01T13:40:23","modified_gmt":"2020-04-01T13:40:23","slug":"consulenze-organizzazione-eventi","status":"publish","type":"page","link":"https:\/\/www.4funentertainment.com\/de\/consulenze-organizzazione-eventi\/","title":{"rendered":"Service"},"content":{"rendered":"<div class=\"wpb-content-wrapper\"><p>[vc_row css_animation=&#8220;&#8220; row_type=&#8220;row&#8220; use_row_as_full_screen_section=&#8220;no&#8220; type=&#8220;full_width&#8220; angled_section=&#8220;no&#8220; text_align=&#8220;left&#8220; background_image_as_pattern=&#8220;without_pattern&#8220; section=&#8220;yes&#8220; full_width=&#8220;yes&#8220;][vc_column][rev_slider_vc alias=&#8220;servizi-ted&#8220;][\/vc_column][\/vc_row][vc_row css_animation=&#8220;&#8220; row_type=&#8220;row&#8220; use_row_as_full_screen_section=&#8220;no&#8220; type=&#8220;grid&#8220; angled_section=&#8220;no&#8220; text_align=&#8220;center&#8220; background_image_as_pattern=&#8220;without_pattern&#8220; section=&#8220;yes&#8220; img=&#8220;2908&#8243; parallax=&#8220;yes&#8220; css=&#8220;.vc_custom_1533288075824{margin-top: 50px !important;margin-bottom: 50px !important;}&#8220;][vc_column][vc_column_text css=&#8220;.vc_custom_1583493092004{margin-bottom: 20px !important;}&#8220;]<\/p>\n<h1 style=\"text-align: center;\"><span lang=\"DE\">SERVICE<\/span><\/h1>\n<p>[\/vc_column_text][vc_column_text]<\/p>\n<p style=\"text-align: center;\">Dank der Zusammenarbeit mit ausgew\u00e4hlten externen Partnern und einem internen Team aus Fachleuten und Technikern koordiniert <strong>4FUN<\/strong> eine Reihe von Aktivit\u00e4ten, kreative, technische und logistische Teile f\u00fcr:<\/p>\n<p style=\"text-align: center;\"><em><strong>Veranstaltungen, Kongresse, Konferenzen, Previews, Roadshows, Paraden, Jubil\u00e4en, Produkteinf\u00fchrungen, Flashmobs, Sonderveranstaltungen, Incentives, Messen, Casinos, Dinnershows, \u00f6ffentliche Veranstaltungen, Firmenfeiern, Privatfeiern, Clubs.<\/strong><\/em><\/p>\n<p>[\/vc_column_text][vc_empty_space height=&#8220;20px&#8220;]<span class=\"separator_with_icon\" style='color:#f8862c;opacity:0.5;'><i class=\"fa fa-star\"><\/i><\/span>[vc_empty_space height=&#8220;20px&#8220;][vc_column_text]<\/p>\n<h3 style=\"text-align: center;\"><span lang=\"DE\">UNSER SERVICE<\/span><\/h3>\n<p>[\/vc_column_text][vc_empty_space height=&#8220;20px&#8220;][vc_column_text]<\/p>\n<ul>\n<li style=\"text-align: center;\"><span lang=\"DE\"><strong>Shows<\/strong> im Katalogformat<\/span><\/li>\n<li style=\"text-align: center;\"><span lang=\"DE\"><strong>Shows<\/strong> ad hoc erstellt<\/span><\/li>\n<li style=\"text-align: center;\"><strong><span lang=\"DE\">Kunstberatung<\/span><\/strong><\/li>\n<li style=\"text-align: center;\"><span lang=\"DE\"><strong>Unterhaltung<\/strong> f\u00fcr Abende und Events<\/span><\/li>\n<li style=\"text-align: center;\"><span lang=\"DE\"><strong>Casting und Scouting von K\u00fcnstlern<\/strong> f\u00fcr Shows und Events<\/span><\/li>\n<li style=\"text-align: center;\"><span lang=\"DE\"><strong>Personal Rekrutierung<\/strong> f\u00fcr Messen, Veranstaltungen und Konferenzen<\/span><\/li>\n<li style=\"text-align: center;\"><span lang=\"DE\"><strong>Standortsuche<\/strong> und -vorbereitung<\/span><\/li>\n<li style=\"text-align: center;\"><span lang=\"DE\">Technische und szenografische <strong>Projekte<\/strong><\/span><\/li>\n<li style=\"text-align: center;\"><span lang=\"DE\"><strong>Technische Beratung<\/strong> f\u00fcr Audio-; Licht- und Videosysteme<\/span><\/li>\n<li style=\"text-align: center;\"><span lang=\"DE\"><strong>Planung und Realisierung<\/strong> von Kost\u00fcmen und Objekten<\/span><\/li>\n<li style=\"text-align: center;\"><strong><span lang=\"DE\">grafische Studien<\/span><\/strong><\/li>\n<li style=\"text-align: center;\"><span lang=\"DE\"><strong>Kreative Beratung<\/strong><em> (copywrite zur Erstellung von Texten f\u00fcr Informations- und Werbematerial)<\/em><\/span><\/li>\n<li style=\"text-align: center;\"><strong>Catering<\/strong><\/li>\n<li style=\"text-align: center;\"><strong><span lang=\"DE\">Erstellen von Gadgets<\/span><\/strong><\/li>\n<li style=\"text-align: center;\"><strong><span lang=\"DE\">Logistik<\/span><\/strong><\/li>\n<\/ul>\n<p>[\/vc_column_text][\/vc_column][\/vc_row][vc_row css_animation=&#8220;&#8220; row_type=&#8220;row&#8220; use_row_as_full_screen_section=&#8220;no&#8220; type=&#8220;full_width&#8220; angled_section=&#8220;no&#8220; text_align=&#8220;left&#8220; background_image_as_pattern=&#8220;without_pattern&#8220; css=&#8220;.vc_custom_1532099862417{padding-top: 50px !important;padding-bottom: 50px !important;background-color: #f8862c !important;}&#8220;][vc_column][vc_row_inner row_type=&#8220;row&#8220; type=&#8220;grid&#8220; text_align=&#8220;left&#8220; css_animation=&#8220;&#8220; el_class=&#8220;box-call-page&#8220;][vc_column_inner][vc_column_text]<\/p>\n<div class=\"call-page\">\n<h3>Fordern Sie ein kostenloses Angebot an<\/h3>\n<\/div>\n<div class=\"call-page box-btn\"><a class=\"btn-call-page\" href=\"mailto:artdirector4fun@bluewin.ch\" target=\"_blank\" rel=\"noopener\">MAIL SENDEN<\/a><\/div>\n<p>[\/vc_column_text][\/vc_column_inner][\/vc_row_inner][\/vc_column][\/vc_row]<\/p>\n<\/div>","protected":false},"excerpt":{"rendered":"<p>[vc_row css_animation=&#8220;&#8220; row_type=&#8220;row&#8220; use_row_as_full_screen_section=&#8220;no&#8220; type=&#8220;full_width&#8220; angled_section=&#8220;no&#8220; text_align=&#8220;left&#8220; background_image_as_pattern=&#8220;without_pattern&#8220; section=&#8220;yes&#8220; full_width=&#8220;yes&#8220;][vc_column][rev_slider_vc alias=&#8220;servizi-ted&#8220;][\/vc_column][\/vc_row][vc_row css_animation=&#8220;&#8220; row_type=&#8220;row&#8220; use_row_as_full_screen_section=&#8220;no&#8220; type=&#8220;grid&#8220; angled_section=&#8220;no&#8220; text_align=&#8220;center&#8220; background_image_as_pattern=&#8220;without_pattern&#8220; section=&#8220;yes&#8220; img=&#8220;2908&#8243; parallax=&#8220;yes&#8220; css=&#8220;.vc_custom_1533288075824{margin-top: 50px !important;margin-bottom: 50px !important;}&#8220;][vc_column][vc_column_text css=&#8220;.vc_custom_1583493092004{margin-bottom: 20px !important;}&#8220;] SERVICE [\/vc_column_text][vc_column_text] Dank der Zusammenarbeit mit ausgew\u00e4hlten externen Partnern und einem internen Team aus Fachleuten und&#8230;<\/p>\n","protected":false},"author":6,"featured_media":0,"parent":0,"menu_order":0,"comment_status":"open","ping_status":"closed","template":"full_width.php","meta":{"om_disable_all_campaigns":false,"footnotes":""},"_links":{"self":[{"href":"https:\/\/www.4funentertainment.com\/de\/wp-json\/wp\/v2\/pages\/3889"}],"collection":[{"href":"https:\/\/www.4funentertainment.com\/de\/wp-json\/wp\/v2\/pages"}],"about":[{"href":"https:\/\/www.4funentertainment.com\/de\/wp-json\/wp\/v2\/types\/page"}],"author":[{"embeddable":true,"href":"https:\/\/www.4funentertainment.com\/de\/wp-json\/wp\/v2\/users\/6"}],"replies":[{"embeddable":true,"href":"https:\/\/www.4funentertainment.com\/de\/wp-json\/wp\/v2\/comments?post=3889"}],"version-history":[{"count":44,"href":"https:\/\/www.4funentertainment.com\/de\/wp-json\/wp\/v2\/pages\/3889\/revisions"}],"predecessor-version":[{"id":17223,"href":"https:\/\/www.4funentertainment.com\/de\/wp-json\/wp\/v2\/pages\/3889\/revisions\/17223"}],"wp:attachment":[{"href":"https:\/\/www.4funentertainment.com\/de\/wp-json\/wp\/v2\/media?parent=3889"}],"curies":[{"name":"wp","href":"https:\/\/api.w.org\/{rel}","templated":true}]}}