{"id":3864,"date":"2014-02-08T15:42:16","date_gmt":"2014-02-08T15:42:16","guid":{"rendered":"http:\/\/amepiacecosi.altervista.org\/?page_id=3864"},"modified":"2020-03-20T10:42:33","modified_gmt":"2020-03-20T10:42:33","slug":"incentive-4fun-entertainment","status":"publish","type":"page","link":"https:\/\/www.4funentertainment.com\/de\/incentive-4fun-entertainment\/","title":{"rendered":"Eventi"},"content":{"rendered":"<div class=\"wpb-content-wrapper\"><p>[vc_row css_animation=&#8220;&#8220; row_type=&#8220;row&#8220; use_row_as_full_screen_section=&#8220;no&#8220; type=&#8220;full_width&#8220; angled_section=&#8220;no&#8220; text_align=&#8220;left&#8220; background_image_as_pattern=&#8220;without_pattern&#8220; section=&#8220;yes&#8220; full_width=&#8220;yes&#8220;][vc_column][rev_slider_vc alias=&#8220;eventi&#8220;][\/vc_column][\/vc_row][vc_row css_animation=&#8220;&#8220; row_type=&#8220;row&#8220; use_row_as_full_screen_section=&#8220;no&#8220; type=&#8220;grid&#8220; angled_section=&#8220;no&#8220; text_align=&#8220;center&#8220; background_image_as_pattern=&#8220;without_pattern&#8220; section=&#8220;yes&#8220; img=&#8220;2908&#8243; parallax=&#8220;yes&#8220; css=&#8220;.vc_custom_1532533461463{margin-top: 50px !important;margin-bottom: 50px !important;}&#8220;][vc_column][vc_column_text css=&#8220;.vc_custom_1584700430497{margin-bottom: 20px !important;}&#8220;]<\/p>\n<h1 style=\"text-align: center;\">EVENTS<\/h1>\n<p>[\/vc_column_text][vc_column_text]<\/p>\n<p style=\"text-align: center;\"><strong>4FUN\u00a0<\/strong>Entertainment arbeite mit renommierten Eventagenturen und Icentive Houses zusammen<\/p>\n<p style=\"text-align: center;\"><span lang=\"DE\">Diese wichtigen Synergien haben es erm\u00f6glicht, Ad-hoc-Mitarbeiter zu schulen und die Kreativit\u00e4t des Unternehmens besser zum Ausdruck zu bringen. Sie haben originelle und innovative Unterhaltungsprojekte entworfen und umgesetzt, die stets darauf abzielen, die vom Kunden gew\u00e4hlten Kommunikations- und Werbethemen zu verbessern.<\/span><\/p>\n<p style=\"text-align: center;\">Professionalit\u00e4t, Zuverl\u00e4ssigkeit sowie technische und k\u00fcnstlerische Kompetenz verwandeln ein einfaches Gesch\u00e4ftstreffen in ein einzigartiges und unvergessliches Ereignis.<\/p>\n<p style=\"text-align: center;\"><strong>4FUN<\/strong>\u00a0<span lang=\"DE\">ist spezialisiert auf das Design und die Realisation von kreativen und originellen<\/span> <strong>TEAM BUILDING<\/strong>\u00a0<span lang=\"DE\">Jede Veranstaltung wird von<\/span> <strong>AD HOC\u00a0<\/strong>entworfen und erstellt, wobei die Aktivit\u00e4ten basierend auf den Teilnehmern und dem Ziel des Kunden erstellt werden. Innovation zeichnet uns durch eine Arbeit aus, die kontinuierlich erfunden werden soll und gleichzeitig ma\u00dfgeschneidert und handwerklich bleibt.<\/p>\n<p>[\/vc_column_text]<a  itemprop=\"url\" href=\"http:\/\/www.4funentertainment.com\/foto-eventi\/\" target=\"_self\" data-hover-background-color=#ffffff data-hover-border-color=#f7a76a data-hover-color=#f8862c class=\"qbutton  large center default\" style=\"color: #ffffff; border-color: #f7a76a; font-style: normal; font-weight: 700; margin: 10px 0px 0px 0px; border-radius: 5px;-moz-border-radius: 5px;-webkit-border-radius: 5px; background-color: #f8862c;\">GALERIE<span aria-hidden=\"true\" class=\"qode_icon_font_elegant icon_images qode_button_icon_element\" style=\"\" ><\/span><\/a>[\/vc_column][\/vc_row][vc_row css_animation=&#8220;&#8220; row_type=&#8220;row&#8220; use_row_as_full_screen_section=&#8220;no&#8220; type=&#8220;full_width&#8220; angled_section=&#8220;no&#8220; text_align=&#8220;left&#8220; background_image_as_pattern=&#8220;without_pattern&#8220; css=&#8220;.vc_custom_1532099862417{padding-top: 50px !important;padding-bottom: 50px !important;background-color: #f8862c !important;}&#8220;][vc_column][vc_row_inner row_type=&#8220;row&#8220; type=&#8220;grid&#8220; text_align=&#8220;left&#8220; css_animation=&#8220;&#8220; el_class=&#8220;box-call-page&#8220;][vc_column_inner][vc_column_text]<\/p>\n<div class=\"call-page\">\n<div class=\"wpb_wrapper\">\n<div class=\"call-page\">\n<h3><strong>Fordern Sie ein kostenloses Angebot an<\/strong><\/h3>\n<\/div>\n<\/div>\n<\/div>\n<div class=\"call-page box-btn\"><a class=\"btn-call-page\" href=\"mailto:artdirector4fun@bluewin.ch\" target=\"_blank\" rel=\"noopener\">MAIL SENDEN<\/a><\/div>\n<p>[\/vc_column_text][\/vc_column_inner][\/vc_row_inner][\/vc_column][\/vc_row]<\/p>\n<\/div>","protected":false},"excerpt":{"rendered":"<p>[vc_row css_animation=&#8220;&#8220; row_type=&#8220;row&#8220; use_row_as_full_screen_section=&#8220;no&#8220; type=&#8220;full_width&#8220; angled_section=&#8220;no&#8220; text_align=&#8220;left&#8220; background_image_as_pattern=&#8220;without_pattern&#8220; section=&#8220;yes&#8220; full_width=&#8220;yes&#8220;][vc_column][rev_slider_vc alias=&#8220;eventi&#8220;][\/vc_column][\/vc_row][vc_row css_animation=&#8220;&#8220; row_type=&#8220;row&#8220; use_row_as_full_screen_section=&#8220;no&#8220; type=&#8220;grid&#8220; angled_section=&#8220;no&#8220; text_align=&#8220;center&#8220; background_image_as_pattern=&#8220;without_pattern&#8220; section=&#8220;yes&#8220; img=&#8220;2908&#8243; parallax=&#8220;yes&#8220; css=&#8220;.vc_custom_1532533461463{margin-top: 50px !important;margin-bottom: 50px !important;}&#8220;][vc_column][vc_column_text css=&#8220;.vc_custom_1584700430497{margin-bottom: 20px !important;}&#8220;] EVENTS [\/vc_column_text][vc_column_text] 4FUN\u00a0Entertainment arbeite mit renommierten Eventagenturen und Icentive Houses zusammen Diese wichtigen Synergien haben es&#8230;<\/p>\n","protected":false},"author":6,"featured_media":0,"parent":0,"menu_order":0,"comment_status":"open","ping_status":"closed","template":"full_width.php","meta":{"om_disable_all_campaigns":false,"footnotes":""},"_links":{"self":[{"href":"https:\/\/www.4funentertainment.com\/de\/wp-json\/wp\/v2\/pages\/3864"}],"collection":[{"href":"https:\/\/www.4funentertainment.com\/de\/wp-json\/wp\/v2\/pages"}],"about":[{"href":"https:\/\/www.4funentertainment.com\/de\/wp-json\/wp\/v2\/types\/page"}],"author":[{"embeddable":true,"href":"https:\/\/www.4funentertainment.com\/de\/wp-json\/wp\/v2\/users\/6"}],"replies":[{"embeddable":true,"href":"https:\/\/www.4funentertainment.com\/de\/wp-json\/wp\/v2\/comments?post=3864"}],"version-history":[{"count":42,"href":"https:\/\/www.4funentertainment.com\/de\/wp-json\/wp\/v2\/pages\/3864\/revisions"}],"predecessor-version":[{"id":17025,"href":"https:\/\/www.4funentertainment.com\/de\/wp-json\/wp\/v2\/pages\/3864\/revisions\/17025"}],"wp:attachment":[{"href":"https:\/\/www.4funentertainment.com\/de\/wp-json\/wp\/v2\/media?parent=3864"}],"curies":[{"name":"wp","href":"https:\/\/api.w.org\/{rel}","templated":true}]}}