{"id":26,"date":"2013-05-31T12:02:39","date_gmt":"2013-05-31T12:02:39","guid":{"rendered":"http:\/\/us-themes.com\/wp\/Vittoria\/?page_id=25"},"modified":"2023-11-24T16:46:38","modified_gmt":"2023-11-24T16:46:38","slug":"4fun-partners","status":"publish","type":"page","link":"https:\/\/www.4funentertainment.com\/de\/4fun-partners\/","title":{"rendered":"Partner"},"content":{"rendered":"<div class=\"wpb-content-wrapper\"><p>[vc_row css_animation=&#8220;&#8220; row_type=&#8220;row&#8220; use_row_as_full_screen_section=&#8220;no&#8220; type=&#8220;full_width&#8220; angled_section=&#8220;no&#8220; text_align=&#8220;left&#8220; background_image_as_pattern=&#8220;without_pattern&#8220; section=&#8220;yes&#8220; parallax_reverse=&#8220;yes&#8220; full_width=&#8220;yes&#8220;][vc_column][rev_slider_vc alias=&#8220;partners-ted&#8220;][\/vc_column][\/vc_row][vc_row css_animation=&#8220;&#8220; row_type=&#8220;row&#8220; use_row_as_full_screen_section=&#8220;no&#8220; type=&#8220;grid&#8220; angled_section=&#8220;no&#8220; text_align=&#8220;left&#8220; background_image_as_pattern=&#8220;without_pattern&#8220; section=&#8220;yes&#8220; background=&#8220;alternate&#8220; css=&#8220;.vc_custom_1532075400844{margin-top: 50px !important;margin-bottom: 50px !important;}&#8220;][vc_column][vc_column_text css=&#8220;.vc_custom_1532424789209{margin-bottom: 20px !important;}&#8220;]<\/p>\n<h1 style=\"text-align: center;\"><span style=\"color: #f8862c;\">4FUN ENTERTAINMENT &#8211; UNSERE PARTNER<\/span><\/h1>\n<p>[\/vc_column_text][vc_column_text]<\/p>\n<h3 style=\"text-align: center;\"><strong><span lang=\"DE\">Unser Ziel ist es, eine aufrichtige Beziehung zum Kunden mit maximalem Vertrauen, Verf\u00fcgbarkeit und Zusammenarbeit aufzubauen.<\/span><\/strong><\/h3>\n<p>[\/vc_column_text][\/vc_column][\/vc_row][vc_row css_animation=&#8220;&#8220; row_type=&#8220;row&#8220; use_row_as_full_screen_section=&#8220;no&#8220; type=&#8220;full_width&#8220; angled_section=&#8220;no&#8220; text_align=&#8220;left&#8220; background_image_as_pattern=&#8220;without_pattern&#8220; section=&#8220;yes&#8220; parallax=&#8220;yes&#8220; parallax_reverse=&#8220;yes&#8220; css=&#8220;.vc_custom_1536767814821{padding-top: 40px !important;padding-bottom: 40px !important;}&#8220;][vc_column][vc_row_inner row_type=&#8220;row&#8220; type=&#8220;grid&#8220; text_align=&#8220;left&#8220; css_animation=&#8220;&#8220;][vc_column_inner width=&#8220;1\/4&#8243; css=&#8220;.vc_custom_1532091688095{margin-bottom: 20px !important;}&#8220;][vc_single_image image=&#8220;17398&#8243; img_size=&#8220;full&#8220; qode_css_animation=&#8220;&#8220; img_link=&#8220;http:\/\/www.palaceresidence.it\/&#8220;][vc_column_text]<\/p>\n<p style=\"text-align: center;\"><strong><a href=\"http:\/\/www.turisanda.it\/index\" target=\"_blank\" rel=\"noopener\"><span lang=\"DE\">Besuche die Webseite<\/span><\/a><\/strong><\/p>\n<p>[\/vc_column_text][\/vc_column_inner][vc_column_inner width=&#8220;1\/4&#8243; css=&#8220;.vc_custom_1532091691162{margin-bottom: 20px !important;}&#8220;][vc_single_image image=&#8220;17349&#8243; img_size=&#8220;full&#8220; qode_css_animation=&#8220;&#8220; img_link=&#8220;http:\/\/www.settemari.it\/&#8220;][vc_column_text]<\/p>\n<p style=\"text-align: center;\"><a href=\"http:\/\/www.settemari.it\/\" target=\"_blank\" rel=\"noopener\"><strong><span lang=\"DE\">B<\/span><span lang=\"DE\">esuche die Webseite<\/span><\/strong><\/a><\/p>\n<p>[\/vc_column_text][\/vc_column_inner][vc_column_inner width=&#8220;1\/4&#8243; css=&#8220;.vc_custom_1532076297269{margin-bottom: 20px !important;}&#8220;][vc_single_image image=&#8220;17343&#8243; img_size=&#8220;full&#8220; qode_css_animation=&#8220;&#8220; img_link=&#8220;http:\/\/www.insotelhotelgroup.com\/&#8220;][vc_column_text]<\/p>\n<p style=\"text-align: center;\"><strong><a href=\"http:\/\/www.insotelhotelgroup.com\" target=\"_blank\" rel=\"noopener\"><span lang=\"DE\">Besuche die Webseite<\/span><\/a><\/strong><\/p>\n<p>[\/vc_column_text][\/vc_column_inner][vc_column_inner width=&#8220;1\/4&#8243; css=&#8220;.vc_custom_1532091695098{margin-bottom: 20px !important;}&#8220;][vc_single_image image=&#8220;17348&#8243; img_size=&#8220;full&#8220; qode_css_animation=&#8220;&#8220; img_link=&#8220;http:\/\/it.rodosprincess.com\/&#8220;][vc_column_text]<\/p>\n<p style=\"text-align: center;\"><strong><a href=\"https:\/\/www.valtur.com\" target=\"_blank\" rel=\"noopener\"><span lang=\"DE\">B<\/span><span lang=\"DE\">esuche die Webseite<\/span><\/a><\/strong><\/p>\n<p>[\/vc_column_text][\/vc_column_inner][\/vc_row_inner][vc_row_inner row_type=&#8220;row&#8220; type=&#8220;grid&#8220; text_align=&#8220;left&#8220; css_animation=&#8220;&#8220;][vc_column_inner width=&#8220;1\/4&#8243; css=&#8220;.vc_custom_1532091698191{margin-bottom: 20px !important;}&#8220;][vc_single_image image=&#8220;17399&#8243; img_size=&#8220;full&#8220; qode_css_animation=&#8220;&#8220; img_link=&#8220;http:\/\/www.brixiato.com\/&#8220;][vc_column_text]<\/p>\n<p style=\"text-align: center;\"><strong><a href=\"https:\/\/www.edenviaggi.it\" target=\"_blank\" rel=\"noopener\"><span lang=\"DE\">B<\/span><span lang=\"DE\">esuche die Webseite<\/span><\/a><\/strong><\/p>\n<p>[\/vc_column_text][\/vc_column_inner][vc_column_inner width=&#8220;1\/4&#8243; css=&#8220;.vc_custom_1532091704813{margin-bottom: 20px !important;}&#8220;][vc_single_image image=&#8220;17339&#8243; img_size=&#8220;full&#8220; qode_css_animation=&#8220;&#8220; img_link=&#8220;http:\/\/www.turbanitalia.it\/&#8220;][vc_column_text]<\/p>\n<p style=\"text-align: center;\"><strong><a href=\"https:\/\/www.barcelo.com\/it\/alberghi\/\" target=\"_blank\" rel=\"noopener\"><span lang=\"DE\">B<\/span><span lang=\"DE\">esuche die Webseite<\/span><\/a><\/strong><\/p>\n<p>[\/vc_column_text][\/vc_column_inner][vc_column_inner width=&#8220;1\/4&#8243; css=&#8220;.vc_custom_1532091712111{margin-bottom: 20px !important;}&#8220;][vc_single_image image=&#8220;17341&#8243; img_size=&#8220;full&#8220; qode_css_animation=&#8220;&#8220; img_link=&#8220;http:\/\/it.rodosprincess.com\/&#8220;][vc_column_text]<\/p>\n<p style=\"text-align: center;\"><strong><a href=\"https:\/\/www.delphina.it\/?gclid=Cj0KCQjw_7HdBRDPARIsAN_ltcI50MogqPvrq-BaeLYw5DhRpOKuP7Geb1vvg3xHyGJey5WYFbzjBxAaAqg9EALw_wcB\" target=\"_blank\" rel=\"noopener\"><span lang=\"DE\">B<\/span><span lang=\"DE\">esuche die Webseite<\/span><\/a><\/strong><\/p>\n<p>[\/vc_column_text][\/vc_column_inner][vc_column_inner width=&#8220;1\/4&#8243; css=&#8220;.vc_custom_1532091716117{margin-bottom: 20px !important;}&#8220;][vc_single_image image=&#8220;17342&#8243; img_size=&#8220;full&#8220; qode_css_animation=&#8220;&#8220; img_link=&#8220;http:\/\/www.palaceresidence.it\/&#8220;][vc_column_text]<\/p>\n<p style=\"text-align: center;\"><strong><a href=\"https:\/\/www.gattarella.it\" target=\"_blank\" rel=\"noopener\"><span lang=\"DE\">B<\/span><span lang=\"DE\">esuche die Webseite<\/span><\/a><\/strong><\/p>\n<p>[\/vc_column_text][\/vc_column_inner][\/vc_row_inner][vc_row_inner row_type=&#8220;row&#8220; type=&#8220;grid&#8220; text_align=&#8220;left&#8220; css_animation=&#8220;&#8220;][vc_column_inner width=&#8220;1\/4&#8243; css=&#8220;.vc_custom_1532091704813{margin-bottom: 20px !important;}&#8220;][vc_single_image image=&#8220;17347&#8243; img_size=&#8220;full&#8220; qode_css_animation=&#8220;&#8220; img_link=&#8220;http:\/\/www.palaceresidence.it\/&#8220;][vc_column_text]<\/p>\n<p style=\"text-align: center;\"><strong><a href=\"http:\/\/www.palaceresidence.it\/\" target=\"_blank\" rel=\"noopener\"><span lang=\"DE\">B<\/span><span lang=\"DE\">esuche die Webseite<\/span><\/a><\/strong><\/p>\n<p>[\/vc_column_text][\/vc_column_inner][vc_column_inner width=&#8220;1\/4&#8243; css=&#8220;.vc_custom_1532091712111{margin-bottom: 20px !important;}&#8220;][vc_single_image image=&#8220;17340&#8243; img_size=&#8220;full&#8220; qode_css_animation=&#8220;&#8220; img_link=&#8220;http:\/\/www.chialagunaresort.com\/&#8220;][vc_column_text]<\/p>\n<p style=\"text-align: center;\"><strong><a href=\"http:\/\/www.chialagunaresort.com\" target=\"_blank\" rel=\"noopener\"><span lang=\"DE\">B<\/span><span lang=\"DE\">esuche die Webseite<\/span><\/a><\/strong><\/p>\n<p>[\/vc_column_text][\/vc_column_inner][vc_column_inner width=&#8220;1\/4&#8243;][vc_single_image image=&#8220;17345&#8243; img_size=&#8220;full&#8220; qode_css_animation=&#8220;&#8220; img_link=&#8220;http:\/\/it.rodosprincess.com\/&#8220;][vc_column_text]<\/p>\n<p style=\"text-align: center;\"><strong><a href=\"https:\/\/www.lemassifcourmayeur.com\/\" target=\"_blank\" rel=\"noopener\"><span lang=\"DE\">B<\/span><span lang=\"DE\">esuche die Webseite<\/span><\/a><\/strong><\/p>\n<p>[\/vc_column_text][\/vc_column_inner][vc_column_inner width=&#8220;1\/4&#8243;][vc_single_image image=&#8220;17344&#8243; img_size=&#8220;full&#8220; qode_css_animation=&#8220;&#8220;][vc_column_text]<\/p>\n<p style=\"text-align: center;\"><strong><a href=\"http:\/\/www.jesolointernational.it\/\" target=\"_blank\" rel=\"noopener\"><span lang=\"DE\">B<\/span><span lang=\"DE\">esuche die Webseite<\/span><\/a><\/strong><\/p>\n<p>[\/vc_column_text][\/vc_column_inner][\/vc_row_inner][vc_row_inner row_type=&#8220;row&#8220; type=&#8220;grid&#8220; text_align=&#8220;left&#8220; css_animation=&#8220;&#8220;][vc_column_inner width=&#8220;1\/4&#8243; css=&#8220;.vc_custom_1532091704813{margin-bottom: 20px !important;}&#8220;][vc_single_image image=&#8220;17350&#8243; img_size=&#8220;full&#8220; qode_css_animation=&#8220;&#8220; img_link=&#8220;http:\/\/www.palaceresidence.it\/&#8220;][vc_column_text]<\/p>\n<p style=\"text-align: center;\"><strong><a href=\"https:\/\/www.thalassonumero1.com\/\" target=\"_blank\" rel=\"noopener\"><span lang=\"DE\">B<\/span><span lang=\"DE\">esuche die Webseite<\/span><\/a><\/strong><\/p>\n<p>[\/vc_column_text][\/vc_column_inner][vc_column_inner width=&#8220;1\/4&#8243; css=&#8220;.vc_custom_1532091712111{margin-bottom: 20px !important;}&#8220;][vc_single_image image=&#8220;17378&#8243; img_size=&#8220;full&#8220; qode_css_animation=&#8220;&#8220; img_link=&#8220;http:\/\/www.chialagunaresort.com\/&#8220;][vc_column_text]<\/p>\n<p style=\"text-align: center;\"><strong><a href=\"https:\/\/www.theibizatwiins.com\/de\/\" target=\"_blank\" rel=\"noopener\"><span lang=\"DE\">B<\/span><span lang=\"DE\">esuche die Webseite<\/span><\/a><\/strong><\/p>\n<p>[\/vc_column_text][\/vc_column_inner][vc_column_inner width=&#8220;1\/4&#8243;][vc_single_image image=&#8220;17379&#8243; img_size=&#8220;full&#8220; qode_css_animation=&#8220;&#8220; img_link=&#8220;http:\/\/it.rodosprincess.com\/&#8220;][vc_column_text]<\/p>\n<p style=\"text-align: center;\"><strong><a href=\"https:\/\/www.nicolaus.it\/\" target=\"_blank\" rel=\"noopener\"><span lang=\"DE\">B<\/span><span lang=\"DE\">esuche die Webseite<\/span><\/a><\/strong><\/p>\n<p>[\/vc_column_text][\/vc_column_inner][vc_column_inner width=&#8220;1\/4&#8243;][vc_single_image image=&#8220;17407&#8243; img_size=&#8220;full&#8220; qode_css_animation=&#8220;&#8220;][vc_column_text]<\/p>\n<p style=\"text-align: center;\"><strong><a href=\"https:\/\/www.theibizatwiins.com\/de\/\" target=\"_blank\" rel=\"noopener\"><span lang=\"DE\">B<\/span><span lang=\"DE\">esuche die Webseite<\/span><\/a><\/strong><\/p>\n<p>[\/vc_column_text][\/vc_column_inner][\/vc_row_inner][\/vc_column][\/vc_row][vc_row css_animation=&#8220;&#8220; row_type=&#8220;row&#8220; use_row_as_full_screen_section=&#8220;no&#8220; type=&#8220;grid&#8220; angled_section=&#8220;no&#8220; text_align=&#8220;center&#8220; background_image_as_pattern=&#8220;without_pattern&#8220; section=&#8220;yes&#8220; parallax=&#8220;yes&#8220; background=&#8220;primary&#8220; css=&#8220;.vc_custom_1532075895268{margin-top: 40px !important;margin-bottom: 40px !important;}&#8220;][vc_column][vc_column_text]<\/p>\n<h4 style=\"text-align: center;\">Ein ausgezeichneter Partner f\u00fcr ein qualitativ hochwertiges Produkt. Die Profis von 4FUN bieten Produkte an, die die anspruchsvollsten Anforderungen erf\u00fcllen und bereit sind, mit Professionalit\u00e4t und Geschwindigkeit die richtigen L\u00f6sungen zu finden. All dies hat uns im Laufe der Zeit zu einer konsolidierten und dauerhaften Zusammenarbeit mit unseren Kunden gef\u00fchr.<\/h4>\n<p>[\/vc_column_text]<a  itemprop=\"url\" href=\"http:\/\/www.4funentertainment.com\/destinazioni\/\" target=\"_self\" data-hover-background-color=#ffffff data-hover-border-color=#f7a76a data-hover-color=#f8862c class=\"qbutton  large center default\" style=\"color: #ffffff; border-color: #f7a76a; font-style: normal; font-weight: 700; margin: 20px 0px 20px 0px; border-radius: 5px;-moz-border-radius: 5px;-webkit-border-radius: 5px; background-color: #f8862c;\">DESTINATIONEN<\/a>[\/vc_column][\/vc_row][vc_row css_animation=&#8220;&#8220; row_type=&#8220;row&#8220; use_row_as_full_screen_section=&#8220;no&#8220; type=&#8220;full_width&#8220; angled_section=&#8220;no&#8220; text_align=&#8220;left&#8220; background_image_as_pattern=&#8220;without_pattern&#8220; css=&#8220;.vc_custom_1532099862417{padding-top: 50px !important;padding-bottom: 50px !important;background-color: #f8862c !important;}&#8220;][vc_column][vc_row_inner row_type=&#8220;row&#8220; type=&#8220;grid&#8220; text_align=&#8220;left&#8220; css_animation=&#8220;&#8220; el_class=&#8220;box-call-page&#8220;][vc_column_inner][vc_column_text]<\/p>\n<div class=\"call-page\">\n<h3>Master in touristischer Animation<\/h3>\n<\/div>\n<div class=\"call-page box-btn\"><a class=\"btn-call-page\" href=\"http:\/\/www.masteranimazioneturistica.it\/\" target=\"_blank\" rel=\"noopener\">KOMM MIT UNS<\/a><\/div>\n<div><\/div>\n<p>[\/vc_column_text][\/vc_column_inner][\/vc_row_inner][\/vc_column][\/vc_row]<\/p>\n<\/div>","protected":false},"excerpt":{"rendered":"<p>[vc_row css_animation=&#8220;&#8220; row_type=&#8220;row&#8220; use_row_as_full_screen_section=&#8220;no&#8220; type=&#8220;full_width&#8220; angled_section=&#8220;no&#8220; text_align=&#8220;left&#8220; background_image_as_pattern=&#8220;without_pattern&#8220; section=&#8220;yes&#8220; parallax_reverse=&#8220;yes&#8220; full_width=&#8220;yes&#8220;][vc_column][rev_slider_vc alias=&#8220;partners-ted&#8220;][\/vc_column][\/vc_row][vc_row css_animation=&#8220;&#8220; row_type=&#8220;row&#8220; use_row_as_full_screen_section=&#8220;no&#8220; type=&#8220;grid&#8220; angled_section=&#8220;no&#8220; text_align=&#8220;left&#8220; background_image_as_pattern=&#8220;without_pattern&#8220; section=&#8220;yes&#8220; background=&#8220;alternate&#8220; css=&#8220;.vc_custom_1532075400844{margin-top: 50px !important;margin-bottom: 50px !important;}&#8220;][vc_column][vc_column_text css=&#8220;.vc_custom_1532424789209{margin-bottom: 20px !important;}&#8220;] 4FUN ENTERTAINMENT &#8211; UNSERE PARTNER [\/vc_column_text][vc_column_text] Unser Ziel ist es, eine aufrichtige Beziehung zum Kunden mit&#8230;<\/p>\n","protected":false},"author":6,"featured_media":0,"parent":0,"menu_order":0,"comment_status":"open","ping_status":"closed","template":"full_width.php","meta":{"om_disable_all_campaigns":false,"footnotes":""},"_links":{"self":[{"href":"https:\/\/www.4funentertainment.com\/de\/wp-json\/wp\/v2\/pages\/26"}],"collection":[{"href":"https:\/\/www.4funentertainment.com\/de\/wp-json\/wp\/v2\/pages"}],"about":[{"href":"https:\/\/www.4funentertainment.com\/de\/wp-json\/wp\/v2\/types\/page"}],"author":[{"embeddable":true,"href":"https:\/\/www.4funentertainment.com\/de\/wp-json\/wp\/v2\/users\/6"}],"replies":[{"embeddable":true,"href":"https:\/\/www.4funentertainment.com\/de\/wp-json\/wp\/v2\/comments?post=26"}],"version-history":[{"count":134,"href":"https:\/\/www.4funentertainment.com\/de\/wp-json\/wp\/v2\/pages\/26\/revisions"}],"predecessor-version":[{"id":17475,"href":"https:\/\/www.4funentertainment.com\/de\/wp-json\/wp\/v2\/pages\/26\/revisions\/17475"}],"wp:attachment":[{"href":"https:\/\/www.4funentertainment.com\/de\/wp-json\/wp\/v2\/media?parent=26"}],"curies":[{"name":"wp","href":"https:\/\/api.w.org\/{rel}","templated":true}]}}