{"id":2332,"date":"2013-12-26T17:42:21","date_gmt":"2013-12-26T17:42:21","guid":{"rendered":"http:\/\/amepiacecosi.altervista.org\/?page_id=2332"},"modified":"2020-04-01T14:29:11","modified_gmt":"2020-04-01T14:29:11","slug":"lavorare-hotel-resort","status":"publish","type":"page","link":"https:\/\/www.4funentertainment.com\/de\/lavorare-hotel-resort\/","title":{"rendered":"Hotel"},"content":{"rendered":"<div class=\"wpb-content-wrapper\"><p>[vc_row css_animation=&#8220;&#8220; row_type=&#8220;row&#8220; use_row_as_full_screen_section=&#8220;no&#8220; type=&#8220;full_width&#8220; angled_section=&#8220;no&#8220; text_align=&#8220;left&#8220; background_image_as_pattern=&#8220;without_pattern&#8220; section=&#8220;yes&#8220; parallax_reverse=&#8220;yes&#8220; full_width=&#8220;yes&#8220;][vc_column][rev_slider_vc alias=&#8220;4hotel-ted&#8220;][\/vc_column][\/vc_row][vc_row css_animation=&#8220;&#8220; row_type=&#8220;row&#8220; use_row_as_full_screen_section=&#8220;no&#8220; type=&#8220;grid&#8220; angled_section=&#8220;no&#8220; text_align=&#8220;left&#8220; background_image_as_pattern=&#8220;without_pattern&#8220; css=&#8220;.vc_custom_1532514220088{margin-top: 50px !important;margin-bottom: 50px !important;}&#8220;][vc_column][vc_column_text css=&#8220;.vc_custom_1534759194541{margin-bottom: 20px !important;}&#8220;]<\/p>\n<h1 style=\"text-align: center;\">HOTEL<\/h1>\n<p>[\/vc_column_text][vc_column_text]<\/p>\n<h3 style=\"text-align: center;\"><strong>4FUN sucht, schult und koordiniert qualifizierte Fachkr\u00e4fte in der Hotelbranche f\u00fcr Hotels und Resorts<\/strong><\/h3>\n<p>[\/vc_column_text][\/vc_column][\/vc_row][vc_row css_animation=&#8220;&#8220; row_type=&#8220;row&#8220; use_row_as_full_screen_section=&#8220;no&#8220; type=&#8220;grid&#8220; angled_section=&#8220;no&#8220; text_align=&#8220;left&#8220; background_image_as_pattern=&#8220;without_pattern&#8220; section=&#8220;yes&#8220; parallax_reverse=&#8220;yes&#8220; background=&#8220;alternate&#8220; css=&#8220;.vc_custom_1536827066950{padding-top: 10px !important;padding-bottom: 40px !important;}&#8220;][vc_column css=&#8220;.vc_custom_1532523664686{margin-top: 20px !important;}&#8220;][vc_column_text]<\/p>\n<h4 style=\"text-align: center;\"><strong><span lang=\"DE\">Bereitstellung von qualifiziertem Personal aller Art:<\/span><\/strong><\/h4>\n<p>[\/vc_column_text]<div class=\"qode-accordion-holder clearfix qode-accordion qode-initial \">\n\t<h4 class=\"clearfix qode-title-holder\">\n<span class=\"qode-tab-title\">\n\t\t\t<span class=\"qode-tab-title-icon\">\n\t\t\t<i class=\"qode_icon_font_awesome fa fa-bullseye \" ><\/i>\t\t<\/span>\n\t    <span class=\"qode-tab-title-inner\">\n        SAAL    <\/span>\n<\/span>\n<span class=\"qode-accordion-mark\">\n    <span class=\"qode-accordion-mark-icon\">\n        <span class=\"icon_plus\"><\/span>\n        <span class=\"icon_minus-06\"><\/span>\n    <\/span>\n<\/span>\n<\/h4>\n<div  class=\"qode-accordion-content qode-acc-title-with-icon\" >\n    <div class=\"qode-accordion-content-inner\">\n        [vc_column_text]<\/p>\n<ul>\n<li>Chef de rang<\/li>\n<li>Demi-chef de rang Commis de rang<\/li>\n<li>Hostess<\/li>\n<\/ul>\n<p>[\/vc_column_text]    <\/div>\n<\/div><h4 class=\"clearfix qode-title-holder\">\n<span class=\"qode-tab-title\">\n\t\t\t<span class=\"qode-tab-title-icon\">\n\t\t\t<i class=\"qode_icon_font_awesome fa fa-bullseye \" ><\/i>\t\t<\/span>\n\t    <span class=\"qode-tab-title-inner\">\n        K\u00dcCHE    <\/span>\n<\/span>\n<span class=\"qode-accordion-mark\">\n    <span class=\"qode-accordion-mark-icon\">\n        <span class=\"icon_plus\"><\/span>\n        <span class=\"icon_minus-06\"><\/span>\n    <\/span>\n<\/span>\n<\/h4>\n<div  class=\"qode-accordion-content qode-acc-title-with-icon\" >\n    <div class=\"qode-accordion-content-inner\">\n        [vc_column_text]<\/p>\n<ul>\n<li>Sous chef<\/li>\n<li>Chef de partie<\/li>\n<\/ul>\n<p>[\/vc_column_text]    <\/div>\n<\/div><h4 class=\"clearfix qode-title-holder\">\n<span class=\"qode-tab-title\">\n\t\t\t<span class=\"qode-tab-title-icon\">\n\t\t\t<i class=\"qode_icon_font_awesome fa fa-bullseye \" ><\/i>\t\t<\/span>\n\t    <span class=\"qode-tab-title-inner\">\n        BAR    <\/span>\n<\/span>\n<span class=\"qode-accordion-mark\">\n    <span class=\"qode-accordion-mark-icon\">\n        <span class=\"icon_plus\"><\/span>\n        <span class=\"icon_minus-06\"><\/span>\n    <\/span>\n<\/span>\n<\/h4>\n<div  class=\"qode-accordion-content qode-acc-title-with-icon\" >\n    <div class=\"qode-accordion-content-inner\">\n        [vc_column_text]<\/p>\n<ul>\n<li>Bar Manager<\/li>\n<li><span lang=\"DE\">Leitender Barman<\/span><\/li>\n<li>Barman<\/li>\n<li><span lang=\"DE\">Helfer Bar<\/span><\/li>\n<li>Bar Back<\/li>\n<li><span lang=\"DE\">Kellner an der Bar<\/span><\/li>\n<\/ul>\n<p>[\/vc_column_text]    <\/div>\n<\/div><h4 class=\"clearfix qode-title-holder\">\n<span class=\"qode-tab-title\">\n\t\t\t<span class=\"qode-tab-title-icon\">\n\t\t\t<i class=\"qode_icon_font_awesome fa fa-bullseye \" ><\/i>\t\t<\/span>\n\t    <span class=\"qode-tab-title-inner\">\n        REZEPTION    <\/span>\n<\/span>\n<span class=\"qode-accordion-mark\">\n    <span class=\"qode-accordion-mark-icon\">\n        <span class=\"icon_plus\"><\/span>\n        <span class=\"icon_minus-06\"><\/span>\n    <\/span>\n<\/span>\n<\/h4>\n<div  class=\"qode-accordion-content qode-acc-title-with-icon\" >\n    <div class=\"qode-accordion-content-inner\">\n        [vc_column_text]<\/p>\n<ul>\n<li>Concierge<\/li>\n<li>Hostess<\/li>\n<li><span lang=\"DE\">Rezeptionist<\/span><\/li>\n<li><span lang=\"DE\">Telefonist<\/span><\/li>\n<li><span lang=\"DE\">Boutique-Mitarbeiter<\/span><\/li>\n<\/ul>\n<p>[\/vc_column_text]    <\/div>\n<\/div><h4 class=\"clearfix qode-title-holder\">\n<span class=\"qode-tab-title\">\n\t\t\t<span class=\"qode-tab-title-icon\">\n\t\t\t<i class=\"qode_icon_font_awesome fa fa-bullseye \" ><\/i>\t\t<\/span>\n\t    <span class=\"qode-tab-title-inner\">\n        ANDERE    <\/span>\n<\/span>\n<span class=\"qode-accordion-mark\">\n    <span class=\"qode-accordion-mark-icon\">\n        <span class=\"icon_plus\"><\/span>\n        <span class=\"icon_minus-06\"><\/span>\n    <\/span>\n<\/span>\n<\/h4>\n<div  class=\"qode-accordion-content qode-acc-title-with-icon\" >\n    <div class=\"qode-accordion-content-inner\">\n        [vc_column_text]<\/p>\n<ul>\n<li><span lang=\"DE\">Rettungsschwimmer<\/span><\/li>\n<\/ul>\n<p>[\/vc_column_text]    <\/div>\n<\/div><\/div>[\/vc_column][\/vc_row][vc_row css_animation=&#8220;&#8220; row_type=&#8220;row&#8220; use_row_as_full_screen_section=&#8220;no&#8220; type=&#8220;grid&#8220; angled_section=&#8220;no&#8220; text_align=&#8220;left&#8220; background_image_as_pattern=&#8220;without_pattern&#8220; css=&#8220;.vc_custom_1533291537480{margin-top: 50px !important;margin-bottom: 50px !important;}&#8220;][vc_column][vc_column_text css=&#8220;.vc_custom_1583855030348{margin-bottom: 10px !important;}&#8220;]<\/p>\n<h3 style=\"text-align: center;\"><span lang=\"DE\">KONTAKTIERE UNS PER MAIL<\/span><\/h3>\n<p>[\/vc_column_text][vc_column_text]<\/p>\n<h4 style=\"text-align: center;\"><a href=\"mailto:4funhumanresources@bluewin.ch\">4funhumanresources@bluewin.ch<\/a><\/h4>\n<p style=\"text-align: center;\"><span lang=\"DE\">Der Lebenslauf wird analysiert und du wirst, entsprechend unseren Bed\u00fcrfnissen zu einem Vorstellungsgespr\u00e4ch in unser B\u00fcro eingeladen.<\/span><\/p>\n<p>[\/vc_column_text][vc_column_text]<i><span lang=\"DE\">Der Online-Bewerbungsservice ist kostenlos. Das Versenden des Formulars impliziert keine vertragliche Verpflichtung. Die Daten und Bilder werden zum Zweck der Auswahl und m\u00f6glichen Kontaktaufnahme gem\u00e4\u00df dem Gesetz Nr. 196\/2003 verarbeitet (<a href=\"http:\/\/www.4funentertainment.com\/privacy-regulation\/\">Datenschutzbestimmung<\/a>)<\/span><\/i>[\/vc_column_text][\/vc_column][\/vc_row]<\/p>\n<\/div>","protected":false},"excerpt":{"rendered":"<p>[vc_row css_animation=&#8220;&#8220; row_type=&#8220;row&#8220; use_row_as_full_screen_section=&#8220;no&#8220; type=&#8220;full_width&#8220; angled_section=&#8220;no&#8220; text_align=&#8220;left&#8220; background_image_as_pattern=&#8220;without_pattern&#8220; section=&#8220;yes&#8220; parallax_reverse=&#8220;yes&#8220; full_width=&#8220;yes&#8220;][vc_column][rev_slider_vc alias=&#8220;4hotel-ted&#8220;][\/vc_column][\/vc_row][vc_row css_animation=&#8220;&#8220; row_type=&#8220;row&#8220; use_row_as_full_screen_section=&#8220;no&#8220; type=&#8220;grid&#8220; angled_section=&#8220;no&#8220; text_align=&#8220;left&#8220; background_image_as_pattern=&#8220;without_pattern&#8220; css=&#8220;.vc_custom_1532514220088{margin-top: 50px !important;margin-bottom: 50px !important;}&#8220;][vc_column][vc_column_text css=&#8220;.vc_custom_1534759194541{margin-bottom: 20px !important;}&#8220;] HOTEL [\/vc_column_text][vc_column_text] 4FUN sucht, schult und koordiniert qualifizierte Fachkr\u00e4fte in der Hotelbranche f\u00fcr Hotels und Resorts [\/vc_column_text][\/vc_column][\/vc_row][vc_row css_animation=&#8220;&#8220;&#8230;<\/p>\n","protected":false},"author":6,"featured_media":0,"parent":0,"menu_order":0,"comment_status":"open","ping_status":"closed","template":"full_width.php","meta":{"om_disable_all_campaigns":false,"footnotes":""},"_links":{"self":[{"href":"https:\/\/www.4funentertainment.com\/de\/wp-json\/wp\/v2\/pages\/2332"}],"collection":[{"href":"https:\/\/www.4funentertainment.com\/de\/wp-json\/wp\/v2\/pages"}],"about":[{"href":"https:\/\/www.4funentertainment.com\/de\/wp-json\/wp\/v2\/types\/page"}],"author":[{"embeddable":true,"href":"https:\/\/www.4funentertainment.com\/de\/wp-json\/wp\/v2\/users\/6"}],"replies":[{"embeddable":true,"href":"https:\/\/www.4funentertainment.com\/de\/wp-json\/wp\/v2\/comments?post=2332"}],"version-history":[{"count":34,"href":"https:\/\/www.4funentertainment.com\/de\/wp-json\/wp\/v2\/pages\/2332\/revisions"}],"predecessor-version":[{"id":17231,"href":"https:\/\/www.4funentertainment.com\/de\/wp-json\/wp\/v2\/pages\/2332\/revisions\/17231"}],"wp:attachment":[{"href":"https:\/\/www.4funentertainment.com\/de\/wp-json\/wp\/v2\/media?parent=2332"}],"curies":[{"name":"wp","href":"https:\/\/api.w.org\/{rel}","templated":true}]}}