{"id":1086,"date":"2013-09-03T09:43:34","date_gmt":"2013-09-03T09:43:34","guid":{"rendered":"http:\/\/us-themes.com\/wp\/Astra\/?page_id=1086"},"modified":"2020-03-20T14:37:16","modified_gmt":"2020-03-20T14:37:16","slug":"crew-4fun","status":"publish","type":"page","link":"https:\/\/www.4funentertainment.com\/de\/crew-4fun\/","title":{"rendered":"Crew 4FUN"},"content":{"rendered":"<div class=\"wpb-content-wrapper\"><p>[vc_row css_animation=&#8220;&#8220; row_type=&#8220;row&#8220; use_row_as_full_screen_section=&#8220;no&#8220; type=&#8220;full_width&#8220; angled_section=&#8220;no&#8220; text_align=&#8220;left&#8220; background_image_as_pattern=&#8220;without_pattern&#8220; section=&#8220;yes&#8220; parallax_reverse=&#8220;yes&#8220; full_width=&#8220;yes&#8220;][vc_column][rev_slider_vc alias=&#8220;crew4fun&#8220;][\/vc_column][\/vc_row][vc_row css_animation=&#8220;&#8220; row_type=&#8220;row&#8220; use_row_as_full_screen_section=&#8220;no&#8220; type=&#8220;grid&#8220; angled_section=&#8220;no&#8220; text_align=&#8220;center&#8220; background_image_as_pattern=&#8220;without_pattern&#8220; section=&#8220;yes&#8220; parallax=&#8220;yes&#8220; parallax_reverse=&#8220;yes&#8220; background=&#8220;alternate&#8220; css=&#8220;.vc_custom_1532426662665{margin-top: 50px !important;margin-bottom: 50px !important;}&#8220;][vc_column][vc_column_text css=&#8220;.vc_custom_1532435602090{margin-bottom: 20px !important;}&#8220;]<\/p>\n<h1 style=\"text-align: center;\">CREW 4FUN<\/h1>\n<p>[\/vc_column_text][vc_column_text]<\/p>\n<h4 style=\"text-align: center;\"><strong>Crew 4FUN<\/strong> ist eine Such-, Auswahl- und Schulungsmethode, die entwickelt wurde, um vorbereitete und Ad-hoc-Mitarbeiter f\u00fcr die individuellen Bed\u00fcrfnisse zu gew\u00e4hrleisten.<\/h4>\n<h4 style=\"text-align: center;\">Die Sorgfalt und Genauigkeit, die bei dieser Methode angewendet werden, bieten konkrete und unmittelbare Vorteile. Bestes angebotenes Produkt und Reduzierung des Personalwechsels w\u00e4hrend der Saison..<\/h4>\n<p>[\/vc_column_text]<a  itemprop=\"url\" href=\"http:\/\/www.4funentertainment.com\/animazione-foto\/\" target=\"_self\" data-hover-background-color=#ffffff data-hover-border-color=#f7a76a data-hover-color=#f8862c class=\"qbutton  large center default\" style=\"color: #ffffff; border-color: #f7a76a; font-style: normal; font-weight: 700; margin: 10px 0px 0px 0px; border-radius: 5px;-moz-border-radius: 5px;-webkit-border-radius: 5px; background-color: #f8862c;\">GALERIE<span aria-hidden=\"true\" class=\"qode_icon_font_elegant icon_images qode_button_icon_element\" style=\"\" ><\/span><\/a>[\/vc_column][\/vc_row][vc_row css_animation=&#8220;&#8220; row_type=&#8220;row&#8220; use_row_as_full_screen_section=&#8220;no&#8220; type=&#8220;grid&#8220; angled_section=&#8220;no&#8220; text_align=&#8220;left&#8220; background_image_as_pattern=&#8220;without_pattern&#8220; css=&#8220;.vc_custom_1536826663214{padding-top: 30px !important;padding-bottom: 40px !important;}&#8220;][vc_column width=&#8220;1\/4&#8243;][vc_single_image image=&#8220;2052&#8243; img_size=&#8220;full&#8220; qode_css_animation=&#8220;&#8220; align=&#8220;center&#8220;][\/vc_column][vc_column width=&#8220;3\/4&#8243;][vc_column_text]W\u00e4hrend des Jahres organisiert <strong>4FUN<\/strong> regelm\u00e4\u00dfig die <a href=\"http:\/\/www.masteranimazioneturistica.it\/\" target=\"_blank\" rel=\"noopener\"><strong>MAT<\/strong><\/a> oder die Master in touristischer Animation f\u00fcr die Auswahl und Ausbildung von Bewerbern ohne Erfahrung und Animateuren mit unterschiedlichen Stationen..<\/p>\n<p>Die Auswahl-<a href=\"http:\/\/www.masteranimazioneturistica.it\/\" target=\"_blank\" rel=\"noopener\"><strong>MAT<\/strong><\/a> werden von professionellen Dozenten mit st\u00e4ndig aktualisierten Unterrichtsprogramm geleitet.<\/p>\n<p>In der Schulungs-<a href=\"http:\/\/www.masteranimazioneturistica.it\/\" target=\"_blank\" rel=\"noopener\"><strong>MAT<\/strong><\/a> lernen die ausgew\u00e4hlten Bewerber eine theoretischen\/praktischen Weg, um gem\u00e4\u00df den genauen Regeln der Philosophie des Reiseveranstalters oder der Anlage ihre Rolle ordentlich auszuf\u00fchren.[\/vc_column_text][\/vc_column][\/vc_row][vc_row css_animation=&#8220;&#8220; row_type=&#8220;row&#8220; use_row_as_full_screen_section=&#8220;no&#8220; type=&#8220;full_width&#8220; angled_section=&#8220;no&#8220; text_align=&#8220;left&#8220; background_image_as_pattern=&#8220;without_pattern&#8220; css=&#8220;.vc_custom_1532099862417{padding-top: 50px !important;padding-bottom: 50px !important;background-color: #f8862c !important;}&#8220;][vc_column][vc_row_inner row_type=&#8220;row&#8220; type=&#8220;grid&#8220; text_align=&#8220;left&#8220; css_animation=&#8220;&#8220; el_class=&#8220;box-call-page&#8220;][vc_column_inner][vc_column_text]<\/p>\n<div class=\"call-page\">\n<h3><strong>F\u00fcllen sie das formular aus<\/strong><\/h3>\n<\/div>\n<div class=\"call-page box-btn\"><a class=\"btn-call-page\" href=\"http:\/\/www.masteranimazioneturistica.it\/\" target=\"_blank\" rel=\"noopener\">LEBENSLAUF ONLINE<\/a><\/div>\n<p>[\/vc_column_text][\/vc_column_inner][\/vc_row_inner][\/vc_column][\/vc_row]<\/p>\n<\/div>","protected":false},"excerpt":{"rendered":"<p>[vc_row css_animation=&#8220;&#8220; row_type=&#8220;row&#8220; use_row_as_full_screen_section=&#8220;no&#8220; type=&#8220;full_width&#8220; angled_section=&#8220;no&#8220; text_align=&#8220;left&#8220; background_image_as_pattern=&#8220;without_pattern&#8220; section=&#8220;yes&#8220; parallax_reverse=&#8220;yes&#8220; full_width=&#8220;yes&#8220;][vc_column][rev_slider_vc alias=&#8220;crew4fun&#8220;][\/vc_column][\/vc_row][vc_row css_animation=&#8220;&#8220; row_type=&#8220;row&#8220; use_row_as_full_screen_section=&#8220;no&#8220; type=&#8220;grid&#8220; angled_section=&#8220;no&#8220; text_align=&#8220;center&#8220; background_image_as_pattern=&#8220;without_pattern&#8220; section=&#8220;yes&#8220; parallax=&#8220;yes&#8220; parallax_reverse=&#8220;yes&#8220; background=&#8220;alternate&#8220; css=&#8220;.vc_custom_1532426662665{margin-top: 50px !important;margin-bottom: 50px !important;}&#8220;][vc_column][vc_column_text css=&#8220;.vc_custom_1532435602090{margin-bottom: 20px !important;}&#8220;] CREW 4FUN [\/vc_column_text][vc_column_text] Crew 4FUN ist eine Such-, Auswahl- und Schulungsmethode, die entwickelt wurde,&#8230;<\/p>\n","protected":false},"author":6,"featured_media":0,"parent":0,"menu_order":0,"comment_status":"open","ping_status":"open","template":"full_width.php","meta":{"om_disable_all_campaigns":false,"footnotes":""},"_links":{"self":[{"href":"https:\/\/www.4funentertainment.com\/de\/wp-json\/wp\/v2\/pages\/1086"}],"collection":[{"href":"https:\/\/www.4funentertainment.com\/de\/wp-json\/wp\/v2\/pages"}],"about":[{"href":"https:\/\/www.4funentertainment.com\/de\/wp-json\/wp\/v2\/types\/page"}],"author":[{"embeddable":true,"href":"https:\/\/www.4funentertainment.com\/de\/wp-json\/wp\/v2\/users\/6"}],"replies":[{"embeddable":true,"href":"https:\/\/www.4funentertainment.com\/de\/wp-json\/wp\/v2\/comments?post=1086"}],"version-history":[{"count":45,"href":"https:\/\/www.4funentertainment.com\/de\/wp-json\/wp\/v2\/pages\/1086\/revisions"}],"predecessor-version":[{"id":17051,"href":"https:\/\/www.4funentertainment.com\/de\/wp-json\/wp\/v2\/pages\/1086\/revisions\/17051"}],"wp:attachment":[{"href":"https:\/\/www.4funentertainment.com\/de\/wp-json\/wp\/v2\/media?parent=1086"}],"curies":[{"name":"wp","href":"https:\/\/api.w.org\/{rel}","templated":true}]}}